{"id":360,"date":"2026-04-18T18:14:49","date_gmt":"2026-04-18T18:14:49","guid":{"rendered":"https:\/\/calipsoweb.it\/index.php\/home\/"},"modified":"2026-05-13T12:42:31","modified_gmt":"2026-05-13T12:42:31","slug":"home","status":"publish","type":"page","link":"https:\/\/calipsoweb.it\/","title":{"rendered":"Home"},"content":{"rendered":"\t\t<div data-elementor-type=\"wp-page\" data-elementor-id=\"360\" class=\"elementor elementor-360\" data-elementor-post-type=\"page\">\n\t\t\t\t<div class=\"elementor-element elementor-element-2d8df498 e-con-full e-flex e-con e-parent\" data-id=\"2d8df498\" data-element_type=\"container\" data-e-type=\"container\" data-settings=\"{&quot;background_background&quot;:&quot;classic&quot;}\">\n\t\t\t\t<div class=\"elementor-element elementor-element-7c96ae20 elementor-widget elementor-widget-heading\" data-id=\"7c96ae20\" data-element_type=\"widget\" data-e-type=\"widget\" data-widget_type=\"heading.default\">\n\t\t\t\t\t<h2 class=\"elementor-heading-title elementor-size-default\">PNRR - Investimento 3.5 \u00b7 NextGenerationEU<\/h2>\t\t\t\t<\/div>\n\t\t\t\t<div class=\"elementor-element elementor-element-4deae03 elementor-widget elementor-widget-heading\" data-id=\"4deae03\" data-element_type=\"widget\" data-e-type=\"widget\" data-widget_type=\"heading.default\">\n\t\t\t\t\t<h2 class=\"elementor-heading-title elementor-size-default\">calipso<BR>\n<\/h2>\t\t\t\t<\/div>\n\t\t\t\t<div class=\"elementor-element elementor-element-313ff75 elementor-widget elementor-widget-heading\" data-id=\"313ff75\" data-element_type=\"widget\" data-e-type=\"widget\" data-widget_type=\"heading.default\">\n\t\t\t\t\t<h2 class=\"elementor-heading-title elementor-size-default\">\nCelle A combustibiLe Innovative ad alta Potenza in Sistemi Stazionari e di Mobilit\u00e0<\/h2>\t\t\t\t<\/div>\n\t\t\t\t<div class=\"elementor-element elementor-element-539f23a elementor-widget elementor-widget-heading\" data-id=\"539f23a\" data-element_type=\"widget\" data-e-type=\"widget\" data-widget_type=\"heading.default\">\n\t\t\t\t\t<h2 class=\"elementor-heading-title elementor-size-default\">\nRicerca e sviluppo su celle a combustibile PEMFC e MCFC ad alta potenza,<br>\n    per applicazioni stazionarie e di mobilit\u00e0. Tecnologia italiana per la transizione energetica.<\/h2>\t\t\t\t<\/div>\n\t\t\t\t<div class=\"elementor-element elementor-element-4f3b001 elementor-align-center elementor-widget elementor-widget-button\" data-id=\"4f3b001\" data-element_type=\"widget\" data-e-type=\"widget\" data-widget_type=\"button.default\">\n\t\t\t\t\t\t\t\t\t\t<a class=\"elementor-button elementor-button-link elementor-size-lg elementor-animation-grow\" href=\"https:\/\/calipsoweb.it\/index.php\/progetto\/\">\n\t\t\t\t\t\t<span class=\"elementor-button-content-wrapper\">\n\t\t\t\t\t\t\t\t\t<span class=\"elementor-button-text\">Scopri il progetto<\/span>\n\t\t\t\t\t<\/span>\n\t\t\t\t\t<\/a>\n\t\t\t\t\t\t\t\t<\/div>\n\t\t\t\t<\/div>\n\t\t<div class=\"elementor-element elementor-element-72e2ed4 e-flex e-con-boxed e-con e-parent\" data-id=\"72e2ed4\" data-element_type=\"container\" data-e-type=\"container\" data-settings=\"{&quot;background_background&quot;:&quot;classic&quot;}\">\n\t\t\t\t\t<div class=\"e-con-inner\">\n\t\t<div class=\"elementor-element elementor-element-8dee35f e-con-full e-flex e-con e-child\" data-id=\"8dee35f\" data-element_type=\"container\" data-e-type=\"container\">\n\t\t\t\t<div class=\"elementor-element elementor-element-1133693 elementor-widget elementor-widget-heading\" data-id=\"1133693\" data-element_type=\"widget\" data-e-type=\"widget\" data-widget_type=\"heading.default\">\n\t\t\t\t\t<h2 class=\"elementor-heading-title elementor-size-default\">Ambito Tecnologico<\/h2>\t\t\t\t<\/div>\n\t\t\t\t<\/div>\n\t\t<div class=\"elementor-element elementor-element-4c9629a e-con-full e-flex e-con e-child\" data-id=\"4c9629a\" data-element_type=\"container\" data-e-type=\"container\">\n\t\t\t\t<div class=\"elementor-element elementor-element-34f6484 elementor-widget elementor-widget-heading\" data-id=\"34f6484\" data-element_type=\"widget\" data-e-type=\"widget\" data-widget_type=\"heading.default\">\n\t\t\t\t\t<h2 class=\"elementor-heading-title elementor-size-default\">Celle a combustibile per applicazioni stazionarie e di mobilit\u00e0. <b>Ambito c1: <\/b>ricerca e sviluppo di tecnologie innovative di stack e componenti e nuovi processi di produzione, per migliorare la durabilit\u00e0 del sistema e aumentarne la stabilit\u00e0 e l'affidabilit\u00e0 in condizioni di esercizio nei diversi settori di applicazione<\/h2>\t\t\t\t<\/div>\n\t\t\t\t<\/div>\n\t\t\t\t\t<\/div>\n\t\t\t\t<\/div>\n\t\t<div class=\"elementor-element elementor-element-8edd438 e-flex e-con-boxed e-con e-parent\" data-id=\"8edd438\" data-element_type=\"container\" data-e-type=\"container\" data-settings=\"{&quot;background_background&quot;:&quot;classic&quot;}\">\n\t\t\t\t\t<div class=\"e-con-inner\">\n\t\t<div class=\"elementor-element elementor-element-ce2c107 e-con-full e-flex e-con e-child\" data-id=\"ce2c107\" data-element_type=\"container\" data-e-type=\"container\">\n\t\t<div class=\"elementor-element elementor-element-2323b91 e-con-full e-flex e-con e-child\" data-id=\"2323b91\" data-element_type=\"container\" data-e-type=\"container\">\n\t\t\t\t<div class=\"elementor-element elementor-element-fbd8bfa elementor-widget elementor-widget-text-editor\" data-id=\"fbd8bfa\" data-element_type=\"widget\" data-e-type=\"widget\" data-widget_type=\"text-editor.default\">\n\t\t\t\t\t\t\t\t\t<p class=\"lead\">CALIPSO (<em>Celle A combustibiLe innovatIve ad alta Potenza in Sistemi stazionari e di mObilit\u00e0<\/em>) nasce per creare innovazione nella tecnologia delle celle a combustibile ad alta potenza, sviluppando soluzioni che oggi non rendono possibile la produzione di stack competitivi in termini di costo, durabilit\u00e0 e affidabilit\u00e0.<\/p><p>Il progetto \u00e8 articolato su due linee tecnologiche parallele \u2014\u00a0<strong>celle polimeriche (PEM)<\/strong>\u00a0e\u00a0<strong>celle a carbonati fusi (MCFC)<\/strong>\u00a0\u2014 entrambe orientate alla progettazione di stack ad alta potenza per applicazioni stazionarie e di mobilit\u00e0. L&#8217;Italia \u00e8 tra i pochi Paesi al mondo con un significativo background tecnologico nelle MCFC, maturato negli studi condotti tra il 1990 e il 2010 da industria e istituzioni di ricerca.<\/p><p>Rafforzando la collaborazione tra ricerca pubblica e imprese, CALIPSO accelera il trasferimento tecnologico e la rapida industrializzazione di risultati fortemente innovativi, contribuendo agli obiettivi del PNRR e alla sovranit\u00e0 tecnologica italiana in un settore strategico.<\/p>\t\t\t\t\t\t\t\t<\/div>\n\t\t\t\t<\/div>\n\t\t\t\t<\/div>\n\t\t<div class=\"elementor-element elementor-element-228eb82 e-con-full e-flex e-con e-child\" data-id=\"228eb82\" data-element_type=\"container\" data-e-type=\"container\">\n\t\t<div class=\"elementor-element elementor-element-2dadaff e-con-full e-flex e-con e-child\" data-id=\"2dadaff\" data-element_type=\"container\" data-e-type=\"container\">\n\t\t\t\t<div class=\"elementor-element elementor-element-83701d1 elementor-widget elementor-widget-heading\" data-id=\"83701d1\" data-element_type=\"widget\" data-e-type=\"widget\" data-widget_type=\"heading.default\">\n\t\t\t\t\t<h2 class=\"elementor-heading-title elementor-size-default\">Una filiera nazionale per l'idrogeno<\/h2>\t\t\t\t<\/div>\n\t\t\t\t<\/div>\n\t\t\t\t<div class=\"elementor-element elementor-element-3cfb10c elementor-widget elementor-widget-button\" data-id=\"3cfb10c\" data-element_type=\"widget\" data-e-type=\"widget\" data-widget_type=\"button.default\">\n\t\t\t\t\t\t\t\t\t\t<a class=\"elementor-button elementor-button-link elementor-size-sm\" href=\"https:\/\/calipsoweb.it\/index.php\/obiettivi\/\">\n\t\t\t\t\t\t<span class=\"elementor-button-content-wrapper\">\n\t\t\t\t\t\t\t\t\t<span class=\"elementor-button-text\">Fai clic qui<\/span>\n\t\t\t\t\t<\/span>\n\t\t\t\t\t<\/a>\n\t\t\t\t\t\t\t\t<\/div>\n\t\t\t\t<\/div>\n\t\t\t\t\t<\/div>\n\t\t\t\t<\/div>\n\t\t<div class=\"elementor-element elementor-element-facc444 e-flex e-con-boxed e-con e-parent\" data-id=\"facc444\" data-element_type=\"container\" data-e-type=\"container\" data-settings=\"{&quot;background_background&quot;:&quot;classic&quot;}\">\n\t\t\t\t\t<div class=\"e-con-inner\">\n\t\t\t\t<div class=\"elementor-element elementor-element-dcf86b0 elementor-widget elementor-widget-heading\" data-id=\"dcf86b0\" data-element_type=\"widget\" data-e-type=\"widget\" data-widget_type=\"heading.default\">\n\t\t\t\t\t<h2 class=\"elementor-heading-title elementor-size-default\">Tre ambiti di ricerca, un sistema integrato<\/h2>\t\t\t\t<\/div>\n\t\t\t\t\t<\/div>\n\t\t\t\t<\/div>\n\t\t<div class=\"elementor-element elementor-element-19fedad e-grid e-con-boxed e-con e-parent\" data-id=\"19fedad\" data-element_type=\"container\" data-e-type=\"container\" data-settings=\"{&quot;background_background&quot;:&quot;classic&quot;}\">\n\t\t\t\t\t<div class=\"e-con-inner\">\n\t\t<div class=\"elementor-element elementor-element-3b746b0 e-con-full e-flex e-con e-child\" data-id=\"3b746b0\" data-element_type=\"container\" data-e-type=\"container\" data-settings=\"{&quot;background_background&quot;:&quot;classic&quot;}\">\n\t\t\t\t<div class=\"elementor-element elementor-element-9e8daa4 elementor-widget elementor-widget-text-editor\" data-id=\"9e8daa4\" data-element_type=\"widget\" data-e-type=\"widget\" data-widget_type=\"text-editor.default\">\n\t\t\t\t\t\t\t\t\t<h3>Componenti innovativi<\/h3><p>Membrane alternative al Nafion, MEA a basso contenuto di platino, piatti bipolari ottimizzati.<\/p>\t\t\t\t\t\t\t\t<\/div>\n\t\t\t\t<\/div>\n\t\t<div class=\"elementor-element elementor-element-e930de9 e-con-full e-flex e-con e-child\" data-id=\"e930de9\" data-element_type=\"container\" data-e-type=\"container\" data-settings=\"{&quot;background_background&quot;:&quot;classic&quot;}\">\n\t\t\t\t<div class=\"elementor-element elementor-element-9e6f8ba elementor-widget elementor-widget-text-editor\" data-id=\"9e6f8ba\" data-element_type=\"widget\" data-e-type=\"widget\" data-widget_type=\"text-editor.default\">\n\t\t\t\t\t\t\t\t\t<h3>Stack ad alta potenza<\/h3><p>Configurazione, caratterizzazione e validazione di stack PEM e MCFC per applicazioni reali.<\/p>\t\t\t\t\t\t\t\t<\/div>\n\t\t\t\t<\/div>\n\t\t<div class=\"elementor-element elementor-element-b82029c e-con-full e-flex e-con e-child\" data-id=\"b82029c\" data-element_type=\"container\" data-e-type=\"container\" data-settings=\"{&quot;background_background&quot;:&quot;classic&quot;}\">\n\t\t\t\t<div class=\"elementor-element elementor-element-a86cefe elementor-widget elementor-widget-text-editor\" data-id=\"a86cefe\" data-element_type=\"widget\" data-e-type=\"widget\" data-widget_type=\"text-editor.default\">\n\t\t\t\t\t\t\t\t\t<h3>Sistemi e integrazione<\/h3><p>Piattaforme Cyber-Physical, algoritmi di gestione energetica e diagnostica operativa.<\/p>\t\t\t\t\t\t\t\t<\/div>\n\t\t\t\t<\/div>\n\t\t\t\t\t<\/div>\n\t\t\t\t<\/div>\n\t\t<div class=\"elementor-element elementor-element-caac9d8 e-flex e-con-boxed e-con e-parent\" data-id=\"caac9d8\" data-element_type=\"container\" data-e-type=\"container\" data-settings=\"{&quot;background_background&quot;:&quot;classic&quot;}\">\n\t\t\t\t\t<div class=\"e-con-inner\">\n\t\t<div class=\"elementor-element elementor-element-f46d134 e-con-full e-flex e-con e-child\" data-id=\"f46d134\" data-element_type=\"container\" data-e-type=\"container\">\n\t\t\t\t<div class=\"elementor-element elementor-element-ff85fec elementor-widget elementor-widget-heading\" data-id=\"ff85fec\" data-element_type=\"widget\" data-e-type=\"widget\" data-widget_type=\"heading.default\">\n\t\t\t\t\t<h2 class=\"elementor-heading-title elementor-size-default\">Qualit\u00e0 delle collaborazioni<\/h2>\t\t\t\t<\/div>\n\t\t\t\t<div class=\"elementor-element elementor-element-e3f9c76 elementor-widget elementor-widget-button\" data-id=\"e3f9c76\" data-element_type=\"widget\" data-e-type=\"widget\" data-widget_type=\"button.default\">\n\t\t\t\t\t\t\t\t\t\t<a class=\"elementor-button elementor-button-link elementor-size-sm\" href=\"https:\/\/calipsoweb.it\/index.php\/partner\/\">\n\t\t\t\t\t\t<span class=\"elementor-button-content-wrapper\">\n\t\t\t\t\t\t\t\t\t<span class=\"elementor-button-text\">Vai al Partenariato &gt;<\/span>\n\t\t\t\t\t<\/span>\n\t\t\t\t\t<\/a>\n\t\t\t\t\t\t\t\t<\/div>\n\t\t\t\t<\/div>\n\t\t<div class=\"elementor-element elementor-element-f955c11 e-con-full e-flex e-con e-child\" data-id=\"f955c11\" data-element_type=\"container\" data-e-type=\"container\">\n\t\t\t\t<div class=\"elementor-element elementor-element-c5c2016 elementor-widget elementor-widget-text-editor\" data-id=\"c5c2016\" data-element_type=\"widget\" data-e-type=\"widget\" data-widget_type=\"text-editor.default\">\n\t\t\t\t\t\t\t\t\t<h2>Il partenariato vanta collaborazioni consolidate negli anni fra le diverse realt\u00e0 proponenti.<\/h2>\n<p>Il partenariato vanta collaborazioni consolidate negli anni fra le diverse realt\u00e0 proponenti, tutti membri di ATENA, distretto di alta tecnologia nei settori energia e ambiente. UniParthenope e UniGe collaborano al progetto HERMES finanziato con fondi del Ministero dell\u2019Universit\u00e0 e Ricerca per Progetti di Ricerca di Interesse Nazionale per lo sviluppo di sistemi MultiEnergy che utilizzano le tecnologie a idrogeno. ENEA e UNIGE hanno collaborato nell\u2019ambito di numerosi progetti europei e nazionali e, da oltre 20 anni, lavorano assieme allo sviluppo della tecnologia MCFC. ECOSPRAY e UNIGE hanno recentemente costituito un laboratorio congiunto denominato \u201cCAPLAB, Electrochemical Cells for Carbon Capture and Energy Transition\u201d, che avr\u00e0 ruolo fondamentale per lo svolgimento delle attivit\u00e0 sperimentali previste in CALIPSO.<\/p>\n<ul>\n<li style=\"font-size: 16px;\"><b>Universit\u00e0 Parthenope<\/b> di Napoli<\/li><li><b>ARCO FC \/ ARCO Fuel Cell <\/b>&#8211; stack PEM<\/li>\n<li><b>Universit\u00e0 degli Studi di Genova &#8211; DICCA<\/b><\/li>\n<li><b>ENEA<\/b> &#8211; Agenzia nazionale per le nuove tecnologie, l&#8217;energia e lo sviluppo economico sostenibile<\/li>\n<li><b>Ecospray Technologies<\/b><\/li>\n<\/ul>\t\t\t\t\t\t\t\t<\/div>\n\t\t\t\t<\/div>\n\t\t\t\t\t<\/div>\n\t\t\t\t<\/div>\n\t\t\t\t<\/div>\n\t\t","protected":false},"excerpt":{"rendered":"<p>PNRR &#8211; Investimento 3.5 \u00b7 NextGenerationEU calipso Celle A combustibiLe Innovative ad alta Potenza in Sistemi Stazionari e di Mobilit\u00e0 Ricerca e sviluppo su celle a combustibile PEMFC e MCFC ad alta potenza, per applicazioni stazionarie e di mobilit\u00e0. Tecnologia italiana per la transizione energetica. Scopri il progetto Ambito Tecnologico Celle a combustibile per applicazioni [&hellip;]<\/p>\n","protected":false},"author":1,"featured_media":0,"parent":0,"menu_order":0,"comment_status":"closed","ping_status":"closed","template":"elementor_header_footer","meta":{"footnotes":""},"class_list":["post-360","page","type-page","status-publish","hentry"],"_links":{"self":[{"href":"https:\/\/calipsoweb.it\/index.php\/wp-json\/wp\/v2\/pages\/360","targetHints":{"allow":["GET"]}}],"collection":[{"href":"https:\/\/calipsoweb.it\/index.php\/wp-json\/wp\/v2\/pages"}],"about":[{"href":"https:\/\/calipsoweb.it\/index.php\/wp-json\/wp\/v2\/types\/page"}],"author":[{"embeddable":true,"href":"https:\/\/calipsoweb.it\/index.php\/wp-json\/wp\/v2\/users\/1"}],"replies":[{"embeddable":true,"href":"https:\/\/calipsoweb.it\/index.php\/wp-json\/wp\/v2\/comments?post=360"}],"version-history":[{"count":97,"href":"https:\/\/calipsoweb.it\/index.php\/wp-json\/wp\/v2\/pages\/360\/revisions"}],"predecessor-version":[{"id":808,"href":"https:\/\/calipsoweb.it\/index.php\/wp-json\/wp\/v2\/pages\/360\/revisions\/808"}],"wp:attachment":[{"href":"https:\/\/calipsoweb.it\/index.php\/wp-json\/wp\/v2\/media?parent=360"}],"curies":[{"name":"wp","href":"https:\/\/api.w.org\/{rel}","templated":true}]}}